{"id":14,"date":"2015-02-09T14:17:18","date_gmt":"2015-02-09T14:17:18","guid":{"rendered":"http:\/\/caprefericite.ro\/?page_id=14"},"modified":"2017-12-01T00:35:47","modified_gmt":"2017-11-30T22:35:47","slug":"produse-lactate","status":"publish","type":"page","link":"http:\/\/caprefericite.ro\/?page_id=14","title":{"rendered":"Produsele noastre lactate"},"content":{"rendered":"<!-- PMB print buttons is only displayed on a single post\/page URLs--><p>Ne dorim ca produsele lactate din lapte de capr\u0103 pe care le producem in ferma m\u0103n\u0103stirii s\u0103 fie de o calitate excep\u0163ional\u0103. De aceea, v\u0103 oferim garan\u0163ie de 100 % pentru tot ce cump\u0103ra\u0163i de la noi. Nu risca\u0163i nimic. Dac\u0103 dintr-un motiv sau altul nu sunte\u0163i mul\u0163umi\u0163i de calitatea produselor, \u00a0v\u0103 return\u0103m banii inapoi sau v\u0103 oferim alte produse.Totul este s\u0103 \u015ftim ce nu v-a pl\u0103cut la produsele noastre ca s\u0103 putem imbun\u0103t\u0103\u0163i calitatea lor pe viitor \u015fi \u00eenc\u0103 ceva: dori\u0163i s\u0103 v\u0103 d\u0103m banii cash sau s\u0103 vi vir\u0103m intr-un cont ?<\/p>\n<p>Iat\u0103 ce v\u0103 putem oferi: lapte de capr\u0103, ca\u015f de capr\u0103, telemea de capr\u0103, unt din lapte de capr\u0103, br\u00e2nz\u0103 de burduf de capr\u0103, urd\u0103 de capr\u0103, s\u0103pun cu lapte de capr\u0103, kefir, br\u00e2nz\u0103 lactic\u0103 cu c\u0103rbune vegetal( f\u0103cut\u0103 dup\u0103 o re\u0163e\u0163\u0103 fran\u0163uzeasc\u0103)<\/p>\n<p>De asemenea, ocazional \u015fi la comand\u0103, sacrificam iezi , capre, si va putem oferi si carnat de capra, pastrama de capr\u0103. Vom reveni cu poze si clipuri video pe acest site care s\u0103 reflecte seriozitatea \u015fi integritatea pe care o avem in rela\u0163ie cu clien\u0163ii m\u0103n\u0103stirii noastre.<\/p>\n<p>Sf\u00e2ntul Benedict de Nursia spunea c\u0103 \u00a0&#8222;monah cu adev\u0103rat este acela care tr\u0103ie\u015fte din lucrul m\u00e2inilor lui&#8221; \u015fi noi, c\u0103lug\u0103rii acestei m\u0103n\u0103stiri, asta am ales s\u0103 facem ca rucodelie \u00een afara programului de slujb\u0103 de la biseric\u0103 &#8211; s\u0103 oferim valoare oamenilor sub aceast\u0103 form\u0103.<\/p>\n<p>&nbsp;<\/p>\n","protected":false},"excerpt":{"rendered":"<p>Ne dorim ca produsele lactate din lapte de capr\u0103 pe care le producem in ferma m\u0103n\u0103stirii s\u0103 fie de o calitate excep\u0163ional\u0103. De aceea, v\u0103 oferim garan\u0163ie de 100 % pentru tot ce cump\u0103ra\u0163i de la noi. Nu risca\u0163i nimic. Dac\u0103 dintr-un motiv sau altul nu sunte\u0163i mul\u0163umi\u0163i de calitatea produselor, \u00a0v\u0103 return\u0103m banii inapoi [&hellip;]<\/p>\n","protected":false},"author":1,"featured_media":0,"parent":0,"menu_order":0,"comment_status":"open","ping_status":"open","template":"","meta":[],"_links":{"self":[{"href":"http:\/\/caprefericite.ro\/index.php?rest_route=\/wp\/v2\/pages\/14"}],"collection":[{"href":"http:\/\/caprefericite.ro\/index.php?rest_route=\/wp\/v2\/pages"}],"about":[{"href":"http:\/\/caprefericite.ro\/index.php?rest_route=\/wp\/v2\/types\/page"}],"author":[{"embeddable":true,"href":"http:\/\/caprefericite.ro\/index.php?rest_route=\/wp\/v2\/users\/1"}],"replies":[{"embeddable":true,"href":"http:\/\/caprefericite.ro\/index.php?rest_route=%2Fwp%2Fv2%2Fcomments&post=14"}],"version-history":[{"count":7,"href":"http:\/\/caprefericite.ro\/index.php?rest_route=\/wp\/v2\/pages\/14\/revisions"}],"predecessor-version":[{"id":162,"href":"http:\/\/caprefericite.ro\/index.php?rest_route=\/wp\/v2\/pages\/14\/revisions\/162"}],"wp:attachment":[{"href":"http:\/\/caprefericite.ro\/index.php?rest_route=%2Fwp%2Fv2%2Fmedia&parent=14"}],"curies":[{"name":"wp","href":"https:\/\/api.w.org\/{rel}","templated":true}]}}