{"id":151,"date":"2017-12-01T00:00:56","date_gmt":"2017-11-30T22:00:56","guid":{"rendered":"http:\/\/caprefericite.ro\/?page_id=151"},"modified":"2026-03-29T22:54:17","modified_gmt":"2026-03-29T19:54:17","slug":"anunt-de-angajare","status":"publish","type":"page","link":"http:\/\/caprefericite.ro\/?page_id=151","title":{"rendered":"Anun\u021b de angajare"},"content":{"rendered":"<!-- PMB print buttons is only displayed on a single post\/page URLs--><p>Pentru <span lang=\"ro-RO\">c\u0103 ne dorim s\u0103 dezvolt\u0103m ferma de capre a m\u0103n\u0103stirii noastre, avem nevoie de dou\u0103 persoane \u00een echipa noastr\u0103, cu ini\u021biativ\u0103, care s\u0103 ne ajute \u00een cadrul fermei.<\/span><\/p>\n<p><span lang=\"ro-RO\">Cele doua posturi disponibile sunt cele de P\u0102SCUT\u00a0 CAPRE \u0218I MULS CAPRE (caprele se mulg cu aparat de muls).<\/span><\/p>\n<ol>\n<li><span lang=\"ro-RO\"><b>Cum ar trebui s\u0103 fie acele persoane ca s\u0103 fie \u0219i ele \u0219i noi mul\u021bumi\u021bi?<\/b><\/span><\/li>\n<\/ol>\n<p><span lang=\"ro-RO\">Ar trebui s\u0103 fie cre\u0219tin ortodox \u0219i s\u0103 aib\u0103 recomandare din partea p\u0103rintelui lor duhovnic la care se spovedesc.<\/span><\/p>\n<ol start=\"2\">\n<li><span lang=\"ro-RO\"><b>Ce a\u0219tept\u0103ri avem de la acele persoane?<\/b><\/span><\/li>\n<\/ol>\n<ol type=\"a\">\n<li><span lang=\"ro-RO\">S\u0103 respecte programul de muls (5 diminea\u021ba si 5 seara).<\/span><\/li>\n<li><span lang=\"ro-RO\">S\u0103 spele zilnic, dup\u0103 fiecare mulsoare, aparatul de muls capre.<\/span><\/li>\n<li><span lang=\"ro-RO\">S\u0103 p\u0103streze cur\u0103\u021benia la standul de muls \u0219i \u00een saivanul caprelor.<\/span><\/li>\n<li><span lang=\"ro-RO\">S\u0103 observe starea de s\u0103n\u0103tate a animalelor (eventualele modific\u0103ri ale glandelor mamare) \u0219i s\u0103 informeze imediat persoana din m\u0103n\u0103stire r\u0103spunz\u0103toare de aceasta.<\/span><\/li>\n<li><span lang=\"ro-RO\">S\u0103 p\u01033streze igiena mulsului \u0219i s\u0103 asigure sp\u0103larea\u00a0 APARATULUI DE MULS \u0219i a bidoanelor de inox cu care este transportat laptele de capr\u0103.<\/span><\/li>\n<li><span lang=\"ro-RO\">S\u0103 asigure transportul laptelui, proasp\u0103t muls, la l\u0103pt\u0103rie.<\/span><\/li>\n<li><span lang=\"ro-RO\">S\u0103 aib\u0103 ini\u021biativ\u0103 \u0219i s\u0103 contribuie la \u00eembun\u0103t\u0103\u021birea activit\u0103\u021bii din ferm\u0103.<\/span><\/li>\n<li><span lang=\"ro-RO\">S\u0103 al\u0103pteze iezii de capr\u0103 la g\u0103leata cu biberoane.<\/span><\/li>\n<li>S\u0103 pasc\u0103 caprele.<\/li>\n<\/ol>\n<p><span lang=\"ro-RO\">IMPORTANT: NU AVE\u021aI NEVOIE DE EXPERIEN\u021a\u0102 \u00een aceast\u0103 activitate. Putem s\u0103 v\u0103 ar\u0103t\u0103m pas cu pas ce ave\u021bi de f\u0103cut, cu condi\u021bia s\u0103 fi\u021bi dispu\u0219i s\u0103 \u00eenv\u0103\u021ba\u021bi.<\/span><\/p>\n<p><span lang=\"ro-RO\"><b>3. De c\u00e2nd avem nevoie?<\/b><\/span><\/p>\n<p><span lang=\"ro-RO\">De la 1 mai 2026.<\/span><\/p>\n<p><span lang=\"ro-RO\"><b>4. Informa\u021bii la: 0745353836.<\/b><\/span><\/p>\n","protected":false},"excerpt":{"rendered":"<p>Pentru c\u0103 ne dorim s\u0103 dezvolt\u0103m ferma de capre a m\u0103n\u0103stirii noastre, avem nevoie de dou\u0103 persoane \u00een echipa noastr\u0103, cu ini\u021biativ\u0103, care s\u0103 ne ajute \u00een cadrul fermei. Cele doua posturi disponibile sunt cele de P\u0102SCUT\u00a0 CAPRE \u0218I MULS CAPRE (caprele se mulg cu aparat de muls). Cum ar trebui s\u0103 fie acele persoane [&hellip;]<\/p>\n","protected":false},"author":1,"featured_media":0,"parent":0,"menu_order":0,"comment_status":"closed","ping_status":"closed","template":"","meta":[],"_links":{"self":[{"href":"http:\/\/caprefericite.ro\/index.php?rest_route=\/wp\/v2\/pages\/151"}],"collection":[{"href":"http:\/\/caprefericite.ro\/index.php?rest_route=\/wp\/v2\/pages"}],"about":[{"href":"http:\/\/caprefericite.ro\/index.php?rest_route=\/wp\/v2\/types\/page"}],"author":[{"embeddable":true,"href":"http:\/\/caprefericite.ro\/index.php?rest_route=\/wp\/v2\/users\/1"}],"replies":[{"embeddable":true,"href":"http:\/\/caprefericite.ro\/index.php?rest_route=%2Fwp%2Fv2%2Fcomments&post=151"}],"version-history":[{"count":5,"href":"http:\/\/caprefericite.ro\/index.php?rest_route=\/wp\/v2\/pages\/151\/revisions"}],"predecessor-version":[{"id":259,"href":"http:\/\/caprefericite.ro\/index.php?rest_route=\/wp\/v2\/pages\/151\/revisions\/259"}],"wp:attachment":[{"href":"http:\/\/caprefericite.ro\/index.php?rest_route=%2Fwp%2Fv2%2Fmedia&parent=151"}],"curies":[{"name":"wp","href":"https:\/\/api.w.org\/{rel}","templated":true}]}}