{"id":91,"date":"2015-03-26T19:17:15","date_gmt":"2015-03-26T17:17:15","guid":{"rendered":"http:\/\/caprefericite.ro\/?page_id=91"},"modified":"2026-03-29T22:52:13","modified_gmt":"2026-03-29T19:52:13","slug":"valorificarea-produselor-din-lapte-de-capra","status":"publish","type":"page","link":"http:\/\/caprefericite.ro\/?page_id=91","title":{"rendered":"Valorificarea produselor din lapte de capr\u0103 \u0219i pre\u021bul acestora"},"content":{"rendered":"<!-- PMB print buttons is only displayed on a single post\/page URLs--><p>At\u00e2t laptele de capr\u0103 c\u00e2t si produsele lactate derivate din lapte de capr\u0103 sunt valorificate at\u00e2t in m\u0103n\u0103stire c\u00e2t si \u00een pia\u0163a agroalimentar\u0103 din Cartierul Alexandru din Ia\u015fi \u00een zilele de joi \u015fi s\u00e2mb\u0103t\u0103 intre orele 9-12, cu excep\u0163ia s\u0103rb\u0103torilor religioase. \u00a0Cei care dori\u0163i s\u0103 achizi\u0163iona\u0163i produsele noastre din m\u0103n\u0103stire v\u0103 rugam s\u0103 suna\u0163i \u00een prealabil la num\u0103rul de telefon 0745 353836 &#8211; Parintele Paisie, \u00eentre orele 10-13, pentru a v\u0103 confirma existen\u0163a produselor pe stoc \u015fi ora c\u00e2nd pute\u0163i ridica aceste produse.<\/p>\n<p>Dorim s\u0103 v\u0103 inform\u0103m c\u0103 stocurile de produse lactate sunt limitate avand in vedere faptul ca noi \u00a0comercializ\u0103m doar ceea ce producem in m\u0103n\u0103stire, pentru a avea un control maxim asupra calit\u0103\u0163ii produselor.<\/p>\n<p>In ultima perioad\u0103 am avut solicit\u0103ri \u015fi din \u0163ar\u0103 unde am expediat aceste produse cu curierul rapid. Condi\u0163ia de livrare \u00een \u0163ar\u0103 presupune o comand\u0103 de minim 250 de lei, plata ramburs la primirea coletului si suportarea taxei de curierat de catre destinatar, \u00een func\u0163ie de zona de expedi\u0163ie. Ne dorim s\u0103 ajut\u0103m c\u00e2t mai mul\u0163i oameni s\u0103 m\u0103n\u00e2nce s\u0103n\u0103tos \u015fi consider\u0103m c\u0103 dac\u0103 nu investim \u00een propria noastr\u0103 s\u0103n\u0103tate, m\u00e2nc\u00e2nd s\u0103n\u0103tos, mai devreme sau mai t\u00e2rziu vom cheltui banii pe medicamente pentru a ne redob\u00e2ndi s\u0103n\u0103tatea pierdut\u0103.<\/p>\n<p>Pre\u021bul produselor lactate sunt:<\/p>\n<p>Telemea de capr\u0103: <strong>72 lei\/Kg<\/strong><br \/>\nCa\u0219 de capr\u0103: <strong>69 lei Kg<\/strong><br \/>\nUnt de capr\u0103:<strong> 410\u00a0lei\/Kg<\/strong><br \/>\nLapte de capr\u0103: <strong>20 lei\/ Kg<\/strong><br \/>\nBranz\u0103 de burduf de capr\u0103: <strong>75 lei \/Kg<\/strong><br \/>\nKefir de capr\u0103: <strong>25 lei\/kg<\/strong><\/p>\n<p>Carna\u021b de capr\u0103: <strong>130 lei\/ kg.<\/strong><\/p>\n<p>La aceste pre\u021buri se adaug\u0103 pre\u021bul de transport care este \u00een func\u021bie de localitatea unde va livra curierul rapid \u0219i de greutatea pachetului.<\/p>\n<p>Cu multumire,<\/p>\n<p>Pr. Paisie<\/p>\n<p>Comenzile \u00een \u0163ar\u0103 pot fi onorate \u00een limita produselor lactate disponibile, \u00eentre 3-5 zile lucratoare. La pre\u021bul produselor se va ad\u0103uga taxele de transport.<br \/>\nPentru orice alte informa\u021bii suna\u021bi la nr. de telefon: 0745 353836 sau la adresa de email: parintelep@yahoo.fr<\/p>\n","protected":false},"excerpt":{"rendered":"<p>At\u00e2t laptele de capr\u0103 c\u00e2t si produsele lactate derivate din lapte de capr\u0103 sunt valorificate at\u00e2t in m\u0103n\u0103stire c\u00e2t si \u00een pia\u0163a agroalimentar\u0103 din Cartierul Alexandru din Ia\u015fi \u00een zilele de joi \u015fi s\u00e2mb\u0103t\u0103 intre orele 9-12, cu excep\u0163ia s\u0103rb\u0103torilor religioase. \u00a0Cei care dori\u0163i s\u0103 achizi\u0163iona\u0163i produsele noastre din m\u0103n\u0103stire v\u0103 rugam s\u0103 suna\u0163i \u00een [&hellip;]<\/p>\n","protected":false},"author":1,"featured_media":0,"parent":0,"menu_order":0,"comment_status":"open","ping_status":"open","template":"","meta":[],"_links":{"self":[{"href":"http:\/\/caprefericite.ro\/index.php?rest_route=\/wp\/v2\/pages\/91"}],"collection":[{"href":"http:\/\/caprefericite.ro\/index.php?rest_route=\/wp\/v2\/pages"}],"about":[{"href":"http:\/\/caprefericite.ro\/index.php?rest_route=\/wp\/v2\/types\/page"}],"author":[{"embeddable":true,"href":"http:\/\/caprefericite.ro\/index.php?rest_route=\/wp\/v2\/users\/1"}],"replies":[{"embeddable":true,"href":"http:\/\/caprefericite.ro\/index.php?rest_route=%2Fwp%2Fv2%2Fcomments&post=91"}],"version-history":[{"count":14,"href":"http:\/\/caprefericite.ro\/index.php?rest_route=\/wp\/v2\/pages\/91\/revisions"}],"predecessor-version":[{"id":257,"href":"http:\/\/caprefericite.ro\/index.php?rest_route=\/wp\/v2\/pages\/91\/revisions\/257"}],"wp:attachment":[{"href":"http:\/\/caprefericite.ro\/index.php?rest_route=%2Fwp%2Fv2%2Fmedia&parent=91"}],"curies":[{"name":"wp","href":"https:\/\/api.w.org\/{rel}","templated":true}]}}